{"id":327,"date":"2022-06-30T09:13:18","date_gmt":"2022-06-30T09:13:18","guid":{"rendered":"https:\/\/bachdatscher.de\/?page_id=327"},"modified":"2022-10-29T23:41:22","modified_gmt":"2022-10-29T23:41:22","slug":"news","status":"publish","type":"page","link":"https:\/\/bachdatscher.de\/?page_id=327","title":{"rendered":"News"},"content":{"rendered":"\t\t<div data-elementor-type=\"wp-page\" data-elementor-id=\"327\" class=\"elementor elementor-327\">\n\t\t\t\t\t\t<section class=\"elementor-section elementor-top-section elementor-element elementor-element-901a4e3 elementor-section-height-min-height elementor-hidden-mobile elementor-section-boxed elementor-section-height-default elementor-section-items-middle\" data-id=\"901a4e3\" data-element_type=\"section\" data-e-type=\"section\">\n\t\t\t\t\t\t\t<div class=\"elementor-background-overlay\"><\/div>\n\t\t\t\t\t\t\t<div class=\"elementor-container elementor-column-gap-default\">\n\t\t\t\t\t<div class=\"elementor-column elementor-col-100 elementor-top-column elementor-element elementor-element-85b5372\" data-id=\"85b5372\" data-element_type=\"column\" data-e-type=\"column\">\n\t\t\t<div class=\"elementor-widget-wrap elementor-element-populated\">\n\t\t\t\t\t\t<div class=\"elementor-element elementor-element-ee6a41f elementor-widget elementor-widget-heading\" data-id=\"ee6a41f\" data-element_type=\"widget\" data-e-type=\"widget\" data-widget_type=\"heading.default\">\n\t\t\t\t<div class=\"elementor-widget-container\">\n\t\t\t\t\t<h2 class=\"elementor-heading-title elementor-size-default\">News<\/h2>\t\t\t\t<\/div>\n\t\t\t\t<\/div>\n\t\t\t\t\t<\/div>\n\t\t<\/div>\n\t\t\t\t\t<\/div>\n\t\t<\/section>\n\t\t\t\t<section class=\"elementor-section elementor-top-section elementor-element elementor-element-4a79402 elementor-section-full_width elementor-hidden-desktop elementor-hidden-tablet elementor-section-height-default elementor-section-height-default\" data-id=\"4a79402\" data-element_type=\"section\" data-e-type=\"section\">\n\t\t\t\t\t\t<div class=\"elementor-container elementor-column-gap-no\">\n\t\t\t\t\t<div class=\"elementor-column elementor-col-100 elementor-top-column elementor-element elementor-element-343bdd9\" data-id=\"343bdd9\" data-element_type=\"column\" data-e-type=\"column\">\n\t\t\t<div class=\"elementor-widget-wrap elementor-element-populated\">\n\t\t\t\t\t\t<div class=\"elementor-element elementor-element-d868714 elementor-widget elementor-widget-image\" data-id=\"d868714\" data-element_type=\"widget\" data-e-type=\"widget\" data-widget_type=\"image.default\">\n\t\t\t\t<div class=\"elementor-widget-container\">\n\t\t\t\t\t\t\t\t\t\t\t\t\t\t\t<img fetchpriority=\"high\" decoding=\"async\" width=\"606\" height=\"147\" src=\"https:\/\/bachdatscher.de\/wp-content\/uploads\/2022\/06\/small.png\" class=\"attachment-large size-large wp-image-440\" alt=\"\" srcset=\"https:\/\/bachdatscher.de\/wp-content\/uploads\/2022\/06\/small.png 606w, https:\/\/bachdatscher.de\/wp-content\/uploads\/2022\/06\/small-300x73.png 300w, https:\/\/bachdatscher.de\/wp-content\/uploads\/2022\/06\/small-600x146.png 600w\" sizes=\"(max-width: 606px) 100vw, 606px\" \/>\t\t\t\t\t\t\t\t\t\t\t\t\t\t\t<\/div>\n\t\t\t\t<\/div>\n\t\t\t\t\t<\/div>\n\t\t<\/div>\n\t\t\t\t\t<\/div>\n\t\t<\/section>\n\t\t\t\t<section class=\"elementor-section elementor-top-section elementor-element elementor-element-4023a0a elementor-section-boxed elementor-section-height-default elementor-section-height-default\" data-id=\"4023a0a\" data-element_type=\"section\" data-e-type=\"section\">\n\t\t\t\t\t\t<div class=\"elementor-container elementor-column-gap-wider\">\n\t\t\t\t\t<div class=\"elementor-column elementor-col-100 elementor-top-column elementor-element elementor-element-0b3894b\" data-id=\"0b3894b\" data-element_type=\"column\" data-e-type=\"column\">\n\t\t\t<div class=\"elementor-widget-wrap elementor-element-populated\">\n\t\t\t\t\t\t<div class=\"elementor-element elementor-element-90a1969 elementor-widget elementor-widget-heading\" data-id=\"90a1969\" data-element_type=\"widget\" data-e-type=\"widget\" data-widget_type=\"heading.default\">\n\t\t\t\t<div class=\"elementor-widget-container\">\n\t\t\t\t\t<h1 class=\"elementor-heading-title elementor-size-default\">News<\/h1>\t\t\t\t<\/div>\n\t\t\t\t<\/div>\n\t\t\t\t<div class=\"elementor-element elementor-element-e454842 elementor-widget elementor-widget-heading\" data-id=\"e454842\" data-element_type=\"widget\" data-e-type=\"widget\" data-widget_type=\"heading.default\">\n\t\t\t\t<div class=\"elementor-widget-container\">\n\t\t\t\t\t<p class=\"elementor-heading-title elementor-size-default\">Aus der Bachdatscherzunft<\/p>\t\t\t\t<\/div>\n\t\t\t\t<\/div>\n\t\t\t\t<div class=\"elementor-element elementor-element-c82b20f elementor-widget elementor-widget-post_layouts\" data-id=\"c82b20f\" data-element_type=\"widget\" data-e-type=\"widget\" data-widget_type=\"post_layouts.default\">\n\t\t\t\t<div class=\"elementor-widget-container\">\n\t\t\t\t\t<div class=\"row masonaryactive \"><div class=\"blog-grid-layout col-md-12\"><div class=\"theimran-post-layout-one\"><div class=\"theimran-post-layout-one__thumbnail\">\t\t\t<a href=\"https:\/\/bachdatscher.de\/?p=2197\"><\/a>\r\n\t\t\t<\/div><div class=\"theimran-post-layout-one__content-wrapper\">\t\t\t<div class=\"theimran-post-layout-one__title\">\r\n\t\t\t\t<h3><a href=\"https:\/\/bachdatscher.de\/?p=2197\">Maibaumstellen 30.04.2026<\/a><\/h3>\r\n\t\t\t<\/div>\r\n\t\t\t\t<div class=\"theimran-post-layout-one__blog-meta\">\r\n\t\t\t<ul>\r\n\t\t\t\t\t\t\t\t<li class=\"author-meta\"><a href=\"https:\/\/bachdatscher.de\/?author=1\"><span class=\"post-author-image\"><img alt='' src='https:\/\/secure.gravatar.com\/avatar\/86860cc979fcdb2f6d902e247032ac742104a8465b1eaac10dcf3592361b8096?s=30&#038;d=mm&#038;r=g' srcset='https:\/\/secure.gravatar.com\/avatar\/86860cc979fcdb2f6d902e247032ac742104a8465b1eaac10dcf3592361b8096?s=60&#038;d=mm&#038;r=g 2x' class='avatar avatar-30 photo' height='30' width='30' \/><\/span> Admin<\/a><\/li>\r\n\t\t\t\t\t\t\t\t<li><a href=\"#\"> <span class=\"far fa-calendar-alt\"><\/span><span class=\"posted-on\">posted on <a href=\"https:\/\/bachdatscher.de\/?p=2197\" rel=\"bookmark\"><time class=\"entry-date published\" datetime=\"2026-03-31T19:52:07+00:00\">M\u00e4rz 31, 2026<\/time><\/a><\/span><\/a><\/li>\r\n\t\t\t\t\t\t\t<\/ul>\r\n\t\t<\/div>\r\n\t\t\t\t\t<div class=\"theimran-post-layout-one__excerpt\">\r\n\t\t\t\t<p>\r\n\t\t\t\t\tHallo Bachdatscher, G\u00f6nner und Freunde, am 30.04.2026 um 18 Uhr findet am Platz der Freundschaft in Welschensteinach unser traditionelles Maibaumstellen statt. Die Zimmerm\u00e4nner stellen mit reiner\t\t\t\t<\/p>\r\n\t\t\t<\/div>\r\n\t\t<\/div><\/div><\/div><div class=\"blog-grid-layout col-md-12\"><div class=\"theimran-post-layout-one\"><div class=\"theimran-post-layout-one__thumbnail\">\t\t\t<a href=\"https:\/\/bachdatscher.de\/?p=2183\"><\/a>\r\n\t\t\t<\/div><div class=\"theimran-post-layout-one__content-wrapper\">\t\t\t<div class=\"theimran-post-layout-one__title\">\r\n\t\t\t\t<h3><a href=\"https:\/\/bachdatscher.de\/?p=2183\">Bachdatscherfest 2026<\/a><\/h3>\r\n\t\t\t<\/div>\r\n\t\t\t\t<div class=\"theimran-post-layout-one__blog-meta\">\r\n\t\t\t<ul>\r\n\t\t\t\t\t\t\t\t<li class=\"author-meta\"><a href=\"https:\/\/bachdatscher.de\/?author=1\"><span class=\"post-author-image\"><img alt='' src='https:\/\/secure.gravatar.com\/avatar\/86860cc979fcdb2f6d902e247032ac742104a8465b1eaac10dcf3592361b8096?s=30&#038;d=mm&#038;r=g' srcset='https:\/\/secure.gravatar.com\/avatar\/86860cc979fcdb2f6d902e247032ac742104a8465b1eaac10dcf3592361b8096?s=60&#038;d=mm&#038;r=g 2x' class='avatar avatar-30 photo' height='30' width='30' \/><\/span> Admin<\/a><\/li>\r\n\t\t\t\t\t\t\t\t<li><a href=\"#\"> <span class=\"far fa-calendar-alt\"><\/span><span class=\"posted-on\">posted on <a href=\"https:\/\/bachdatscher.de\/?p=2183\" rel=\"bookmark\"><time class=\"entry-date published\" datetime=\"2026-02-03T11:09:06+00:00\">Februar 3, 2026<\/time><\/a><\/span><\/a><\/li>\r\n\t\t\t\t\t\t\t<\/ul>\r\n\t\t<\/div>\r\n\t\t\t\t\t<div class=\"theimran-post-layout-one__excerpt\">\r\n\t\t\t\t<p>\r\n\t\t\t\t\tHallo Besucher! Anbei findet Ihr den aktuellen Pendelbusplan f\u00fcr unser Bachdatscherfest am 13.02.2026 zum Downloaden.\t\t\t\t<\/p>\r\n\t\t\t<\/div>\r\n\t\t<\/div><\/div><\/div><div class=\"blog-grid-layout col-md-12\"><div class=\"theimran-post-layout-one\"><div class=\"theimran-post-layout-one__thumbnail\">\t\t\t<a href=\"https:\/\/bachdatscher.de\/?p=2178\"><\/a>\r\n\t\t\t<\/div><div class=\"theimran-post-layout-one__content-wrapper\">\t\t\t<div class=\"theimran-post-layout-one__title\">\r\n\t\t\t\t<h3><a href=\"https:\/\/bachdatscher.de\/?p=2178\">Fasentmotto der Bachdatscherzunft Welschensteinach<\/a><\/h3>\r\n\t\t\t<\/div>\r\n\t\t\t\t<div class=\"theimran-post-layout-one__blog-meta\">\r\n\t\t\t<ul>\r\n\t\t\t\t\t\t\t\t<li class=\"author-meta\"><a href=\"https:\/\/bachdatscher.de\/?author=1\"><span class=\"post-author-image\"><img alt='' src='https:\/\/secure.gravatar.com\/avatar\/86860cc979fcdb2f6d902e247032ac742104a8465b1eaac10dcf3592361b8096?s=30&#038;d=mm&#038;r=g' srcset='https:\/\/secure.gravatar.com\/avatar\/86860cc979fcdb2f6d902e247032ac742104a8465b1eaac10dcf3592361b8096?s=60&#038;d=mm&#038;r=g 2x' class='avatar avatar-30 photo' height='30' width='30' \/><\/span> Admin<\/a><\/li>\r\n\t\t\t\t\t\t\t\t<li><a href=\"#\"> <span class=\"far fa-calendar-alt\"><\/span><span class=\"posted-on\">posted on <a href=\"https:\/\/bachdatscher.de\/?p=2178\" rel=\"bookmark\"><time class=\"entry-date published\" datetime=\"2025-11-10T10:40:04+00:00\">November 10, 2025<\/time><\/a><\/span><\/a><\/li>\r\n\t\t\t\t\t\t\t<\/ul>\r\n\t\t<\/div>\r\n\t\t\t\t\t<div class=\"theimran-post-layout-one__excerpt\">\r\n\t\t\t\t<p>\r\n\t\t\t\t\tLiebe Narrenfreunde,aufgepasst! Unser diesj\u00e4hriges Fasentmotto lautet: &#8222;Wir trommeln im Dschungel die wilden Tiere sind wach &#8211; die Bachdatscher feiern mit Euch durch die Nacht&#8220;.\t\t\t\t<\/p>\r\n\t\t\t<\/div>\r\n\t\t<\/div><\/div><\/div><div class=\"blog-grid-layout col-md-12\"><div class=\"theimran-post-layout-one\"><div class=\"theimran-post-layout-one__thumbnail\">\t\t\t<a href=\"https:\/\/bachdatscher.de\/?p=1417\"><\/a>\r\n\t\t\t<\/div><div class=\"theimran-post-layout-one__content-wrapper\">\t\t\t<div class=\"theimran-post-layout-one__title\">\r\n\t\t\t\t<h3><a href=\"https:\/\/bachdatscher.de\/?p=1417\">Schnurren in Welschensteinach<\/a><\/h3>\r\n\t\t\t<\/div>\r\n\t\t\t\t<div class=\"theimran-post-layout-one__blog-meta\">\r\n\t\t\t<ul>\r\n\t\t\t\t\t\t\t\t<li class=\"author-meta\"><a href=\"https:\/\/bachdatscher.de\/?author=1\"><span class=\"post-author-image\"><img alt='' src='https:\/\/secure.gravatar.com\/avatar\/86860cc979fcdb2f6d902e247032ac742104a8465b1eaac10dcf3592361b8096?s=30&#038;d=mm&#038;r=g' srcset='https:\/\/secure.gravatar.com\/avatar\/86860cc979fcdb2f6d902e247032ac742104a8465b1eaac10dcf3592361b8096?s=60&#038;d=mm&#038;r=g 2x' class='avatar avatar-30 photo' height='30' width='30' \/><\/span> Admin<\/a><\/li>\r\n\t\t\t\t\t\t\t\t<li><a href=\"#\"> <span class=\"far fa-calendar-alt\"><\/span><span class=\"posted-on\">posted on <a href=\"https:\/\/bachdatscher.de\/?p=1417\" rel=\"bookmark\"><time class=\"entry-date published\" datetime=\"2024-01-25T07:27:17+00:00\">Januar 25, 2024<\/time><\/a><\/span><\/a><\/li>\r\n\t\t\t\t\t\t\t<\/ul>\r\n\t\t<\/div>\r\n\t\t\t\t\t<div class=\"theimran-post-layout-one__excerpt\">\r\n\t\t\t\t<p>\r\n\t\t\t\t\tAm Samstag, den 07.02.2026 wird in Welschensteinach wieder geschnurrt. Es wird in folgenden Wirtschaften geschnurrt: Die Bev\u00f6lkerung und G\u00e4ste sind herzlich eingeladen, diesem alten Brauch\t\t\t\t<\/p>\r\n\t\t\t<\/div>\r\n\t\t<\/div><\/div><\/div><div class=\"blog-grid-layout col-md-12\"><div class=\"theimran-post-layout-one\"><div class=\"theimran-post-layout-one__thumbnail\">\t\t\t<a href=\"https:\/\/bachdatscher.de\/?p=1392\"><\/a>\r\n\t\t\t<\/div><div class=\"theimran-post-layout-one__content-wrapper\">\t\t\t<div class=\"theimran-post-layout-one__title\">\r\n\t\t\t\t<h3><a href=\"https:\/\/bachdatscher.de\/?p=1392\">Narrekellerfest<\/a><\/h3>\r\n\t\t\t<\/div>\r\n\t\t\t\t<div class=\"theimran-post-layout-one__blog-meta\">\r\n\t\t\t<ul>\r\n\t\t\t\t\t\t\t\t<li class=\"author-meta\"><a href=\"https:\/\/bachdatscher.de\/?author=2\"><span class=\"post-author-image\"><img alt='' src='https:\/\/secure.gravatar.com\/avatar\/4b5443f9e8554fa7eb91b39a2af9aea08d02f61aa4677003baebd48f60df7ba8?s=30&#038;d=mm&#038;r=g' srcset='https:\/\/secure.gravatar.com\/avatar\/4b5443f9e8554fa7eb91b39a2af9aea08d02f61aa4677003baebd48f60df7ba8?s=60&#038;d=mm&#038;r=g 2x' class='avatar avatar-30 photo' height='30' width='30' \/><\/span> Vanessa Schmid<\/a><\/li>\r\n\t\t\t\t\t\t\t\t<li><a href=\"#\"> <span class=\"far fa-calendar-alt\"><\/span><span class=\"posted-on\">posted on <a href=\"https:\/\/bachdatscher.de\/?p=1392\" rel=\"bookmark\"><time class=\"entry-date published\" datetime=\"2023-06-03T13:44:52+00:00\">Juni 3, 2023<\/time><\/a><\/span><\/a><\/li>\r\n\t\t\t\t\t\t\t<\/ul>\r\n\t\t<\/div>\r\n\t\t\t\t\t<div class=\"theimran-post-layout-one__excerpt\">\r\n\t\t\t\t<p>\r\n\t\t\t\t\tWir feiern dieses Jahr das 33-j\u00e4hrige Jubil\u00e4um unseres Narrenkellers, zu dem wir Euch gerne einladen. Gefeiert wird in und um den Narrenkeller am 17.06.2023 ab 19\t\t\t\t<\/p>\r\n\t\t\t<\/div>\r\n\t\t<\/div><\/div><\/div><div class=\"blog-grid-layout col-md-12\"><div class=\"theimran-post-layout-one\"><div class=\"theimran-post-layout-one__thumbnail\">\t\t\t<a href=\"https:\/\/bachdatscher.de\/?p=1370\"><\/a>\r\n\t\t\t<\/div><div class=\"theimran-post-layout-one__content-wrapper\">\t\t\t<div class=\"theimran-post-layout-one__title\">\r\n\t\t\t\t<h3><a href=\"https:\/\/bachdatscher.de\/?p=1370\">Ge\u00e4nderte Haltestelle<\/a><\/h3>\r\n\t\t\t<\/div>\r\n\t\t\t\t<div class=\"theimran-post-layout-one__blog-meta\">\r\n\t\t\t<ul>\r\n\t\t\t\t\t\t\t\t<li class=\"author-meta\"><a href=\"https:\/\/bachdatscher.de\/?author=3\"><span class=\"post-author-image\"><img alt='' src='https:\/\/secure.gravatar.com\/avatar\/9f4536f6c715a0f5c845fe381fb56645d3d9659c7d1b0ec2b0da34c4a87f0eb4?s=30&#038;d=mm&#038;r=g' srcset='https:\/\/secure.gravatar.com\/avatar\/9f4536f6c715a0f5c845fe381fb56645d3d9659c7d1b0ec2b0da34c4a87f0eb4?s=60&#038;d=mm&#038;r=g 2x' class='avatar avatar-30 photo' height='30' width='30' \/><\/span> Stefan Klemm<\/a><\/li>\r\n\t\t\t\t\t\t\t\t<li><a href=\"#\"> <span class=\"far fa-calendar-alt\"><\/span><span class=\"posted-on\">posted on <a href=\"https:\/\/bachdatscher.de\/?p=1370\" rel=\"bookmark\"><time class=\"entry-date published\" datetime=\"2023-02-15T20:28:40+00:00\">Februar 15, 2023<\/time><\/a><\/span><\/a><\/li>\r\n\t\t\t\t\t\t\t<\/ul>\r\n\t\t<\/div>\r\n\t\t\t\t\t<div class=\"theimran-post-layout-one__excerpt\">\r\n\t\t\t\t<p>\r\n\t\t\t\t\tBitte beachten! Die Haltestelle Schwendemannstra\u00dfe in Steinach \u00e4ndert sich auf die Ecke Kapellenstra\u00dfe &#8211; Andreas Fischer\t\t\t\t<\/p>\r\n\t\t\t<\/div>\r\n\t\t<\/div><\/div><\/div><div class=\"blog-grid-layout col-md-12\"><div class=\"theimran-post-layout-one\"><div class=\"theimran-post-layout-one__thumbnail\">\t\t\t<a href=\"https:\/\/bachdatscher.de\/?p=1362\"><\/a>\r\n\t\t\t<\/div><div class=\"theimran-post-layout-one__content-wrapper\">\t\t\t<div class=\"theimran-post-layout-one__title\">\r\n\t\t\t\t<h3><a href=\"https:\/\/bachdatscher.de\/?p=1362\">Bachdatscherfest 2023<\/a><\/h3>\r\n\t\t\t<\/div>\r\n\t\t\t\t<div class=\"theimran-post-layout-one__blog-meta\">\r\n\t\t\t<ul>\r\n\t\t\t\t\t\t\t\t<li class=\"author-meta\"><a href=\"https:\/\/bachdatscher.de\/?author=3\"><span class=\"post-author-image\"><img alt='' src='https:\/\/secure.gravatar.com\/avatar\/9f4536f6c715a0f5c845fe381fb56645d3d9659c7d1b0ec2b0da34c4a87f0eb4?s=30&#038;d=mm&#038;r=g' srcset='https:\/\/secure.gravatar.com\/avatar\/9f4536f6c715a0f5c845fe381fb56645d3d9659c7d1b0ec2b0da34c4a87f0eb4?s=60&#038;d=mm&#038;r=g 2x' class='avatar avatar-30 photo' height='30' width='30' \/><\/span> Stefan Klemm<\/a><\/li>\r\n\t\t\t\t\t\t\t\t<li><a href=\"#\"> <span class=\"far fa-calendar-alt\"><\/span><span class=\"posted-on\">posted on <a href=\"https:\/\/bachdatscher.de\/?p=1362\" rel=\"bookmark\"><time class=\"entry-date published\" datetime=\"2023-02-13T19:04:47+00:00\">Februar 13, 2023<\/time><\/a><\/span><\/a><\/li>\r\n\t\t\t\t\t\t\t<\/ul>\r\n\t\t<\/div>\r\n\t\t\t\t\t<div class=\"theimran-post-layout-one__excerpt\">\r\n\t\t\t\t<p>\r\n\t\t\t\t\tHallo Besucher! Anbei findet Ihr den aktuellen Pendelbusplan f\u00fcr unser Bachdatscherfest am 17.02.2023 zum Downloaden.\t\t\t\t<\/p>\r\n\t\t\t<\/div>\r\n\t\t<\/div><\/div><\/div><div class=\"blog-grid-layout col-md-12\"><div class=\"theimran-post-layout-one\"><div class=\"theimran-post-layout-one__thumbnail\">\t\t\t<a href=\"https:\/\/bachdatscher.de\/?p=114\"><\/a>\r\n\t\t\t<\/div><div class=\"theimran-post-layout-one__content-wrapper\">\t\t\t<div class=\"theimran-post-layout-one__title\">\r\n\t\t\t\t<h3><a href=\"https:\/\/bachdatscher.de\/?p=114\">Aktualisierte Website<\/a><\/h3>\r\n\t\t\t<\/div>\r\n\t\t\t\t<div class=\"theimran-post-layout-one__blog-meta\">\r\n\t\t\t<ul>\r\n\t\t\t\t\t\t\t\t<li class=\"author-meta\"><a href=\"https:\/\/bachdatscher.de\/?author=1\"><span class=\"post-author-image\"><img alt='' src='https:\/\/secure.gravatar.com\/avatar\/86860cc979fcdb2f6d902e247032ac742104a8465b1eaac10dcf3592361b8096?s=30&#038;d=mm&#038;r=g' srcset='https:\/\/secure.gravatar.com\/avatar\/86860cc979fcdb2f6d902e247032ac742104a8465b1eaac10dcf3592361b8096?s=60&#038;d=mm&#038;r=g 2x' class='avatar avatar-30 photo' height='30' width='30' \/><\/span> Admin<\/a><\/li>\r\n\t\t\t\t\t\t\t\t<li><a href=\"#\"> <span class=\"far fa-calendar-alt\"><\/span><span class=\"posted-on\">posted on <a href=\"https:\/\/bachdatscher.de\/?p=114\" rel=\"bookmark\"><time class=\"entry-date published\" datetime=\"2022-06-30T07:57:16+00:00\">Juni 30, 2022<\/time><\/a><\/span><\/a><\/li>\r\n\t\t\t\t\t\t\t<\/ul>\r\n\t\t<\/div>\r\n\t\t\t\t\t<div class=\"theimran-post-layout-one__excerpt\">\r\n\t\t\t\t<p>\r\n\t\t\t\t\tLiebe Mitglieder! wir haben unsere neue Website nun online genommen. Die Website wird kontinuierlich verbessert und an die verschiedenen Endger\u00e4te angepasst. Falls Ihr Fehler findet oder\t\t\t\t<\/p>\r\n\t\t\t<\/div>\r\n\t\t<\/div><\/div><\/div><div class=\"blog-grid-layout col-md-12\"><div class=\"theimran-post-layout-one\"><div class=\"theimran-post-layout-one__thumbnail\">\t\t\t<a href=\"https:\/\/bachdatscher.de\/?p=167\"><\/a>\r\n\t\t\t<\/div><div class=\"theimran-post-layout-one__content-wrapper\">\t\t\t<div class=\"theimran-post-layout-one__title\">\r\n\t\t\t\t<h3><a href=\"https:\/\/bachdatscher.de\/?p=167\">Das geplante Narrentreffen 2022 wird pandemiebedingt auf 2025 verschoben!<\/a><\/h3>\r\n\t\t\t<\/div>\r\n\t\t\t\t<div class=\"theimran-post-layout-one__blog-meta\">\r\n\t\t\t<ul>\r\n\t\t\t\t\t\t\t\t<li class=\"author-meta\"><a href=\"https:\/\/bachdatscher.de\/?author=1\"><span class=\"post-author-image\"><img alt='' src='https:\/\/secure.gravatar.com\/avatar\/86860cc979fcdb2f6d902e247032ac742104a8465b1eaac10dcf3592361b8096?s=30&#038;d=mm&#038;r=g' srcset='https:\/\/secure.gravatar.com\/avatar\/86860cc979fcdb2f6d902e247032ac742104a8465b1eaac10dcf3592361b8096?s=60&#038;d=mm&#038;r=g 2x' class='avatar avatar-30 photo' height='30' width='30' \/><\/span> Admin<\/a><\/li>\r\n\t\t\t\t\t\t\t\t<li><a href=\"#\"> <span class=\"far fa-calendar-alt\"><\/span><span class=\"posted-on\">posted on <a href=\"https:\/\/bachdatscher.de\/?p=167\" rel=\"bookmark\"><time class=\"entry-date published\" datetime=\"2022-06-30T07:52:51+00:00\">Juni 30, 2022<\/time><\/a><\/span><\/a><\/li>\r\n\t\t\t\t\t\t\t<\/ul>\r\n\t\t<\/div>\r\n\t\t\t\t\t<div class=\"theimran-post-layout-one__excerpt\">\r\n\t\t\t\t<p>\r\n\t\t\t\t\tLiebe Mitglieder! Leider mussten wir pandemiebedingt unser Narrentreffen 2022 absagen und auf das Jahr 2025 verschieben. Viele\t\t\t\t<\/p>\r\n\t\t\t<\/div>\r\n\t\t<\/div><\/div><\/div><\/div>\t\t\t\t<\/div>\n\t\t\t\t<\/div>\n\t\t\t\t\t<\/div>\n\t\t<\/div>\n\t\t\t\t\t<\/div>\n\t\t<\/section>\n\t\t\t\t<section class=\"elementor-section elementor-top-section elementor-element elementor-element-777df04 elementor-section-boxed elementor-section-height-default elementor-section-height-default\" data-id=\"777df04\" data-element_type=\"section\" data-e-type=\"section\">\n\t\t\t\t\t\t<div class=\"elementor-container elementor-column-gap-wider\">\n\t\t\t\t\t<div class=\"elementor-column elementor-col-100 elementor-top-column elementor-element elementor-element-89216d5\" data-id=\"89216d5\" data-element_type=\"column\" data-e-type=\"column\">\n\t\t\t<div class=\"elementor-widget-wrap elementor-element-populated\">\n\t\t\t\t\t\t<div class=\"elementor-element elementor-element-7d20a88 elementor-widget elementor-widget-spacer\" data-id=\"7d20a88\" data-element_type=\"widget\" data-e-type=\"widget\" data-widget_type=\"spacer.default\">\n\t\t\t\t<div class=\"elementor-widget-container\">\n\t\t\t\t\t\t\t<div class=\"elementor-spacer\">\n\t\t\t<div class=\"elementor-spacer-inner\"><\/div>\n\t\t<\/div>\n\t\t\t\t\t\t<\/div>\n\t\t\t\t<\/div>\n\t\t\t\t\t<\/div>\n\t\t<\/div>\n\t\t\t\t\t<\/div>\n\t\t<\/section>\n\t\t\t\t<\/div>\n\t\t","protected":false},"excerpt":{"rendered":"<p>News News Aus der Bachdatscherzunft Aktualisierte Website Admin posted on Juni 30, 2022 Liebe Mitglieder! wir haben unsere neue Website nun online genommen. Die Website wird kontinuierlich verbessert und an die verschiedenen Endger\u00e4te angepasst. Falls Ihr Fehler findet oder Vereinsleben ausgesetzt Admin posted on Juni 30, 2022 Liebe Mitglieder! Auch wir schr\u00e4nken unser Vereinsleben derzeit [&hellip;]<\/p>\n","protected":false},"author":1,"featured_media":0,"parent":0,"menu_order":0,"comment_status":"closed","ping_status":"closed","template":"","meta":{"footnotes":""},"class_list":["post-327","page","type-page","status-publish","hentry","entry"],"aioseo_notices":[],"_links":{"self":[{"href":"https:\/\/bachdatscher.de\/index.php?rest_route=\/wp\/v2\/pages\/327","targetHints":{"allow":["GET"]}}],"collection":[{"href":"https:\/\/bachdatscher.de\/index.php?rest_route=\/wp\/v2\/pages"}],"about":[{"href":"https:\/\/bachdatscher.de\/index.php?rest_route=\/wp\/v2\/types\/page"}],"author":[{"embeddable":true,"href":"https:\/\/bachdatscher.de\/index.php?rest_route=\/wp\/v2\/users\/1"}],"replies":[{"embeddable":true,"href":"https:\/\/bachdatscher.de\/index.php?rest_route=%2Fwp%2Fv2%2Fcomments&post=327"}],"version-history":[{"count":0,"href":"https:\/\/bachdatscher.de\/index.php?rest_route=\/wp\/v2\/pages\/327\/revisions"}],"wp:attachment":[{"href":"https:\/\/bachdatscher.de\/index.php?rest_route=%2Fwp%2Fv2%2Fmedia&parent=327"}],"curies":[{"name":"wp","href":"https:\/\/api.w.org\/{rel}","templated":true}]}}