{"id":314,"date":"2022-06-30T09:11:13","date_gmt":"2022-06-30T09:11:13","guid":{"rendered":"https:\/\/bachdatscher.de\/?page_id=314"},"modified":"2024-11-12T08:07:37","modified_gmt":"2024-11-12T08:07:37","slug":"vorstandschaft","status":"publish","type":"page","link":"https:\/\/bachdatscher.de\/?page_id=314","title":{"rendered":"Vorstandschaft"},"content":{"rendered":"\t\t<div data-elementor-type=\"wp-page\" data-elementor-id=\"314\" class=\"elementor elementor-314\">\n\t\t\t\t\t\t<section class=\"elementor-section elementor-top-section elementor-element elementor-element-6695642 elementor-section-height-min-height elementor-hidden-mobile elementor-section-boxed elementor-section-height-default elementor-section-items-middle\" data-id=\"6695642\" data-element_type=\"section\" data-e-type=\"section\">\n\t\t\t\t\t\t\t<div class=\"elementor-background-overlay\"><\/div>\n\t\t\t\t\t\t\t<div class=\"elementor-container elementor-column-gap-default\">\n\t\t\t\t\t<div class=\"elementor-column elementor-col-100 elementor-top-column elementor-element elementor-element-4ddae94\" data-id=\"4ddae94\" data-element_type=\"column\" data-e-type=\"column\">\n\t\t\t<div class=\"elementor-widget-wrap elementor-element-populated\">\n\t\t\t\t\t\t<div class=\"elementor-element elementor-element-5f2d86e elementor-widget elementor-widget-heading\" data-id=\"5f2d86e\" data-element_type=\"widget\" data-e-type=\"widget\" data-widget_type=\"heading.default\">\n\t\t\t\t<div class=\"elementor-widget-container\">\n\t\t\t\t\t<h2 class=\"elementor-heading-title elementor-size-default\">Die Vorstandschaft<\/h2>\t\t\t\t<\/div>\n\t\t\t\t<\/div>\n\t\t\t\t\t<\/div>\n\t\t<\/div>\n\t\t\t\t\t<\/div>\n\t\t<\/section>\n\t\t\t\t<section class=\"elementor-section elementor-top-section elementor-element elementor-element-be11f3c elementor-section-full_width elementor-hidden-desktop elementor-hidden-tablet elementor-section-height-default elementor-section-height-default\" data-id=\"be11f3c\" data-element_type=\"section\" data-e-type=\"section\">\n\t\t\t\t\t\t<div class=\"elementor-container elementor-column-gap-no\">\n\t\t\t\t\t<div class=\"elementor-column elementor-col-100 elementor-top-column elementor-element elementor-element-e17550b\" data-id=\"e17550b\" data-element_type=\"column\" data-e-type=\"column\">\n\t\t\t<div class=\"elementor-widget-wrap elementor-element-populated\">\n\t\t\t\t\t\t<div class=\"elementor-element elementor-element-8e86bda elementor-widget elementor-widget-image\" data-id=\"8e86bda\" data-element_type=\"widget\" data-e-type=\"widget\" data-widget_type=\"image.default\">\n\t\t\t\t<div class=\"elementor-widget-container\">\n\t\t\t\t\t\t\t\t\t\t\t\t\t\t\t<img fetchpriority=\"high\" decoding=\"async\" width=\"606\" height=\"147\" src=\"https:\/\/bachdatscher.de\/wp-content\/uploads\/2022\/06\/small.png\" class=\"attachment-large size-large wp-image-440\" alt=\"\" srcset=\"https:\/\/bachdatscher.de\/wp-content\/uploads\/2022\/06\/small.png 606w, https:\/\/bachdatscher.de\/wp-content\/uploads\/2022\/06\/small-300x73.png 300w, https:\/\/bachdatscher.de\/wp-content\/uploads\/2022\/06\/small-600x146.png 600w\" sizes=\"(max-width: 606px) 100vw, 606px\" \/>\t\t\t\t\t\t\t\t\t\t\t\t\t\t\t<\/div>\n\t\t\t\t<\/div>\n\t\t\t\t\t<\/div>\n\t\t<\/div>\n\t\t\t\t\t<\/div>\n\t\t<\/section>\n\t\t\t\t<section class=\"elementor-section elementor-top-section elementor-element elementor-element-fde56e7 elementor-section-boxed elementor-section-height-default elementor-section-height-default\" data-id=\"fde56e7\" data-element_type=\"section\" data-e-type=\"section\">\n\t\t\t\t\t\t<div class=\"elementor-container elementor-column-gap-wider\">\n\t\t\t\t\t<div class=\"elementor-column elementor-col-100 elementor-top-column elementor-element elementor-element-fed1e89\" data-id=\"fed1e89\" data-element_type=\"column\" data-e-type=\"column\">\n\t\t\t<div class=\"elementor-widget-wrap elementor-element-populated\">\n\t\t\t\t\t\t<div class=\"elementor-element elementor-element-81da0cd elementor-widget elementor-widget-heading\" data-id=\"81da0cd\" data-element_type=\"widget\" data-e-type=\"widget\" data-widget_type=\"heading.default\">\n\t\t\t\t<div class=\"elementor-widget-container\">\n\t\t\t\t\t<h1 class=\"elementor-heading-title elementor-size-default\">Vorstandschaft <\/h1>\t\t\t\t<\/div>\n\t\t\t\t<\/div>\n\t\t\t\t<div class=\"elementor-element elementor-element-83fd2bc elementor-widget elementor-widget-heading\" data-id=\"83fd2bc\" data-element_type=\"widget\" data-e-type=\"widget\" data-widget_type=\"heading.default\">\n\t\t\t\t<div class=\"elementor-widget-container\">\n\t\t\t\t\t<p class=\"elementor-heading-title elementor-size-default\">Wer den verein vertritt<\/p>\t\t\t\t<\/div>\n\t\t\t\t<\/div>\n\t\t\t\t<div class=\"elementor-element elementor-element-58553d9 elementor-widget elementor-widget-text-editor\" data-id=\"58553d9\" data-element_type=\"widget\" data-e-type=\"widget\" data-widget_type=\"text-editor.default\">\n\t\t\t\t<div class=\"elementor-widget-container\">\n\t\t\t\t\t\t\t\t\t<p>Die Vorstandschaft der Bachdatscherzunft Welschensteinach 1978 e.V. setzt sich aus 13 aktiven und 7 Ehrennarrenr\u00e4ten zusammen:<\/p>\t\t\t\t\t\t\t\t<\/div>\n\t\t\t\t<\/div>\n\t\t\t\t<div class=\"elementor-element elementor-element-5411ae2 elementor-widget elementor-widget-image\" data-id=\"5411ae2\" data-element_type=\"widget\" data-e-type=\"widget\" data-widget_type=\"image.default\">\n\t\t\t\t<div class=\"elementor-widget-container\">\n\t\t\t\t\t\t\t\t\t\t\t\t\t\t\t<img decoding=\"async\" width=\"1024\" height=\"683\" src=\"https:\/\/bachdatscher.de\/wp-content\/uploads\/2022\/06\/IMG_3417-18-1-1024x683.jpg\" class=\"attachment-large size-large wp-image-702\" alt=\"\" srcset=\"https:\/\/bachdatscher.de\/wp-content\/uploads\/2022\/06\/IMG_3417-18-1-1024x683.jpg 1024w, https:\/\/bachdatscher.de\/wp-content\/uploads\/2022\/06\/IMG_3417-18-1-300x200.jpg 300w, https:\/\/bachdatscher.de\/wp-content\/uploads\/2022\/06\/IMG_3417-18-1-768x512.jpg 768w, https:\/\/bachdatscher.de\/wp-content\/uploads\/2022\/06\/IMG_3417-18-1-1536x1024.jpg 1536w, https:\/\/bachdatscher.de\/wp-content\/uploads\/2022\/06\/IMG_3417-18-1-2048x1365.jpg 2048w, https:\/\/bachdatscher.de\/wp-content\/uploads\/2022\/06\/IMG_3417-18-1-600x400.jpg 600w, https:\/\/bachdatscher.de\/wp-content\/uploads\/2022\/06\/IMG_3417-18-1-974x649.jpg 974w\" sizes=\"(max-width: 1024px) 100vw, 1024px\" \/>\t\t\t\t\t\t\t\t\t\t\t\t\t\t\t<\/div>\n\t\t\t\t<\/div>\n\t\t\t\t<div class=\"elementor-element elementor-element-8302c1b elementor-widget elementor-widget-text-editor\" data-id=\"8302c1b\" data-element_type=\"widget\" data-e-type=\"widget\" data-widget_type=\"text-editor.default\">\n\t\t\t\t<div class=\"elementor-widget-container\">\n\t\t\t\t\t\t\t\t\t<p><u style=\"font-size: 18.2px; color: var( --e-global-color-text );\">Reihe 1 (v.l.n.r.): <\/u><span style=\"font-size: 18.2px; color: var( --e-global-color-text );\">Werner Schmid (Ehrennarrenrat), Gerhard Steiner (Ehrennarrenrat), Heiko Obert (Beisitzer), Antje W\u00f6rner (2. Vorstand Brauchtum), Dominik Himmelsbach (1. Vorstand), Daniela J\u00e4kle (Beisitzerin), Vanessa Schmid (Schriftf\u00fchrerin), Leo Himmelsbach (Ehrennarrenrat)<\/span><\/p><p><u>Reihe 2 (v.l.n.r.): <\/u>Clemens Obert (Ehrennarrenrat), Simon Himmelsbach (2. Vorstand Wirtschaft), Markus Wernet (Beisitzer), Eduard Semling (Ehrennarrenrat)<\/p><p><u>Reihe 3 (v.l.n.r.):<\/u> Heiner Singler (Beisitzer), Reinhard Grimmer (Beisitzer Kellermeister), Stefan Klemm (Beisitzer Chronist), Michael Schwendemann (Beisitzer), Josef Otter (Ehrennarrenrat), Anton J\u00e4kle (Ehrennarrenrat), Stefan Maier (Kassierer)<\/p><p>\u00a0<\/p>\t\t\t\t\t\t\t\t<\/div>\n\t\t\t\t<\/div>\n\t\t\t\t\t<\/div>\n\t\t<\/div>\n\t\t\t\t\t<\/div>\n\t\t<\/section>\n\t\t\t\t<section class=\"elementor-section elementor-top-section elementor-element elementor-element-9446b54 elementor-section-boxed elementor-section-height-default elementor-section-height-default\" data-id=\"9446b54\" data-element_type=\"section\" data-e-type=\"section\">\n\t\t\t\t\t\t<div class=\"elementor-container elementor-column-gap-default\">\n\t\t\t\t\t<div class=\"elementor-column elementor-col-100 elementor-top-column elementor-element elementor-element-187c4e5\" data-id=\"187c4e5\" data-element_type=\"column\" data-e-type=\"column\">\n\t\t\t<div class=\"elementor-widget-wrap elementor-element-populated\">\n\t\t\t\t\t\t<div class=\"elementor-element elementor-element-6c4e013 elementor-widget elementor-widget-spacer\" data-id=\"6c4e013\" data-element_type=\"widget\" data-e-type=\"widget\" data-widget_type=\"spacer.default\">\n\t\t\t\t<div class=\"elementor-widget-container\">\n\t\t\t\t\t\t\t<div class=\"elementor-spacer\">\n\t\t\t<div class=\"elementor-spacer-inner\"><\/div>\n\t\t<\/div>\n\t\t\t\t\t\t<\/div>\n\t\t\t\t<\/div>\n\t\t\t\t\t<\/div>\n\t\t<\/div>\n\t\t\t\t\t<\/div>\n\t\t<\/section>\n\t\t\t\t<\/div>\n\t\t","protected":false},"excerpt":{"rendered":"<p>Die Vorstandschaft Vorstandschaft Wer den verein vertritt Die Vorstandschaft der Bachdatscherzunft Welschensteinach 1978 e.V. setzt sich aus 13 aktiven und 7 Ehrennarrenr\u00e4ten zusammen: Reihe 1 (v.l.n.r.): Werner Schmid (Ehrennarrenrat), Gerhard Steiner (Ehrennarrenrat), Heiko Obert (Beisitzer), Antje W\u00f6rner (2. Vorstand Brauchtum), Dominik Himmelsbach (1. Vorstand), Daniela J\u00e4kle (Beisitzerin), Vanessa Schmid (Schriftf\u00fchrerin), Leo Himmelsbach (Ehrennarrenrat) Reihe 2 [&hellip;]<\/p>\n","protected":false},"author":1,"featured_media":0,"parent":0,"menu_order":0,"comment_status":"closed","ping_status":"closed","template":"","meta":{"footnotes":""},"class_list":["post-314","page","type-page","status-publish","hentry","entry"],"aioseo_notices":[],"_links":{"self":[{"href":"https:\/\/bachdatscher.de\/index.php?rest_route=\/wp\/v2\/pages\/314","targetHints":{"allow":["GET"]}}],"collection":[{"href":"https:\/\/bachdatscher.de\/index.php?rest_route=\/wp\/v2\/pages"}],"about":[{"href":"https:\/\/bachdatscher.de\/index.php?rest_route=\/wp\/v2\/types\/page"}],"author":[{"embeddable":true,"href":"https:\/\/bachdatscher.de\/index.php?rest_route=\/wp\/v2\/users\/1"}],"replies":[{"embeddable":true,"href":"https:\/\/bachdatscher.de\/index.php?rest_route=%2Fwp%2Fv2%2Fcomments&post=314"}],"version-history":[{"count":0,"href":"https:\/\/bachdatscher.de\/index.php?rest_route=\/wp\/v2\/pages\/314\/revisions"}],"wp:attachment":[{"href":"https:\/\/bachdatscher.de\/index.php?rest_route=%2Fwp%2Fv2%2Fmedia&parent=314"}],"curies":[{"name":"wp","href":"https:\/\/api.w.org\/{rel}","templated":true}]}}