{"id":312,"date":"2022-06-30T09:10:54","date_gmt":"2022-06-30T09:10:54","guid":{"rendered":"https:\/\/bachdatscher.de\/?page_id=312"},"modified":"2022-10-29T23:38:28","modified_gmt":"2022-10-29T23:38:28","slug":"eckgutswieble","status":"publish","type":"page","link":"https:\/\/bachdatscher.de\/?page_id=312","title":{"rendered":"Eckgutswieble"},"content":{"rendered":"\t\t<div data-elementor-type=\"wp-page\" data-elementor-id=\"312\" class=\"elementor elementor-312\">\n\t\t\t\t\t\t<section class=\"elementor-section elementor-top-section elementor-element elementor-element-cd38312 elementor-section-height-min-height elementor-hidden-mobile elementor-section-boxed elementor-section-height-default elementor-section-items-middle\" data-id=\"cd38312\" data-element_type=\"section\" data-e-type=\"section\">\n\t\t\t\t\t\t\t<div class=\"elementor-background-overlay\"><\/div>\n\t\t\t\t\t\t\t<div class=\"elementor-container elementor-column-gap-default\">\n\t\t\t\t\t<div class=\"elementor-column elementor-col-100 elementor-top-column elementor-element elementor-element-c508e88\" data-id=\"c508e88\" data-element_type=\"column\" data-e-type=\"column\">\n\t\t\t<div class=\"elementor-widget-wrap elementor-element-populated\">\n\t\t\t\t\t\t<div class=\"elementor-element elementor-element-1af1e62 elementor-widget elementor-widget-heading\" data-id=\"1af1e62\" data-element_type=\"widget\" data-e-type=\"widget\" data-widget_type=\"heading.default\">\n\t\t\t\t<div class=\"elementor-widget-container\">\n\t\t\t\t\t<h2 class=\"elementor-heading-title elementor-size-default\">Das Eckgutswieble<\/h2>\t\t\t\t<\/div>\n\t\t\t\t<\/div>\n\t\t\t\t\t<\/div>\n\t\t<\/div>\n\t\t\t\t\t<\/div>\n\t\t<\/section>\n\t\t\t\t<section class=\"elementor-section elementor-top-section elementor-element elementor-element-f0da8ac elementor-section-full_width elementor-hidden-desktop elementor-hidden-tablet elementor-section-height-default elementor-section-height-default\" data-id=\"f0da8ac\" data-element_type=\"section\" data-e-type=\"section\">\n\t\t\t\t\t\t<div class=\"elementor-container elementor-column-gap-no\">\n\t\t\t\t\t<div class=\"elementor-column elementor-col-100 elementor-top-column elementor-element elementor-element-28443da\" data-id=\"28443da\" data-element_type=\"column\" data-e-type=\"column\">\n\t\t\t<div class=\"elementor-widget-wrap elementor-element-populated\">\n\t\t\t\t\t\t<div class=\"elementor-element elementor-element-4e17192 elementor-widget elementor-widget-image\" data-id=\"4e17192\" data-element_type=\"widget\" data-e-type=\"widget\" data-widget_type=\"image.default\">\n\t\t\t\t<div class=\"elementor-widget-container\">\n\t\t\t\t\t\t\t\t\t\t\t\t\t\t\t<img fetchpriority=\"high\" decoding=\"async\" width=\"606\" height=\"147\" src=\"https:\/\/bachdatscher.de\/wp-content\/uploads\/2022\/06\/small.png\" class=\"attachment-large size-large wp-image-440\" alt=\"\" srcset=\"https:\/\/bachdatscher.de\/wp-content\/uploads\/2022\/06\/small.png 606w, https:\/\/bachdatscher.de\/wp-content\/uploads\/2022\/06\/small-300x73.png 300w, https:\/\/bachdatscher.de\/wp-content\/uploads\/2022\/06\/small-600x146.png 600w\" sizes=\"(max-width: 606px) 100vw, 606px\" \/>\t\t\t\t\t\t\t\t\t\t\t\t\t\t\t<\/div>\n\t\t\t\t<\/div>\n\t\t\t\t\t<\/div>\n\t\t<\/div>\n\t\t\t\t\t<\/div>\n\t\t<\/section>\n\t\t\t\t<section class=\"elementor-section elementor-top-section elementor-element elementor-element-1260c86 elementor-section-boxed elementor-section-height-default elementor-section-height-default\" data-id=\"1260c86\" data-element_type=\"section\" data-e-type=\"section\">\n\t\t\t\t\t\t<div class=\"elementor-container elementor-column-gap-wider\">\n\t\t\t\t\t<div class=\"elementor-column elementor-col-50 elementor-top-column elementor-element elementor-element-243158b\" data-id=\"243158b\" data-element_type=\"column\" data-e-type=\"column\">\n\t\t\t<div class=\"elementor-widget-wrap elementor-element-populated\">\n\t\t\t\t\t\t<div class=\"elementor-element elementor-element-28b5323 elementor-widget elementor-widget-heading\" data-id=\"28b5323\" data-element_type=\"widget\" data-e-type=\"widget\" data-widget_type=\"heading.default\">\n\t\t\t\t<div class=\"elementor-widget-container\">\n\t\t\t\t\t<h1 class=\"elementor-heading-title elementor-size-default\">Eckgutswieble<\/h1>\t\t\t\t<\/div>\n\t\t\t\t<\/div>\n\t\t\t\t<div class=\"elementor-element elementor-element-7fe2f8e elementor-widget elementor-widget-heading\" data-id=\"7fe2f8e\" data-element_type=\"widget\" data-e-type=\"widget\" data-widget_type=\"heading.default\">\n\t\t\t\t<div class=\"elementor-widget-container\">\n\t\t\t\t\t<p class=\"elementor-heading-title elementor-size-default\">Die Zweite Figur der zunft<\/p>\t\t\t\t<\/div>\n\t\t\t\t<\/div>\n\t\t\t\t<div class=\"elementor-element elementor-element-79e6885 elementor-widget elementor-widget-text-editor\" data-id=\"79e6885\" data-element_type=\"widget\" data-e-type=\"widget\" data-widget_type=\"text-editor.default\">\n\t\t\t\t<div class=\"elementor-widget-container\">\n\t\t\t\t\t\t\t\t\t<p><span style=\"font-size: 16.8px; color: var( --e-global-color-text );\">Auch das Eckgutswieble entstammt einer alten Sage und nachfolgend sei Ihre Geschichte, wie sie in der Chronik von Welschensteinach niedergeschrieben ist, erz\u00e4hlt.\u00a0<\/span><\/p><p><span style=\"font-size: 16.8px;\">Auf der Grenze zwischen Welschensteinach und Schuttertal, auf der sogenannten &#8222;Eck&#8220;, erblickte man hin und wieder ein altes, runzeliges Weiblein. Dies war eine B\u00e4uering aus Prinzbach, die zu ihren Lebzeiten aus Habsucht die Grenzsteine ihres Gutes nach Welschensteinach hin verschob. Sie wurde deswegen nach Lahr vor Gericht geladen. Nachdem sie Erde aus ihrem Besitztum in die Schuhe und einen Sch\u00f6pfl\u00f6ffel unter ihrem Kopftuch versteckt hatte, erschien sie dort und schwor: &#8222;So war ich auf meinem Grund und Boden stehe und der Sch\u00f6pfer \u00fcber mir ist, geh\u00f6rt jenes umstrittene Feld mir.&#8220; Zur Strafe f\u00fcr diesen Frevel muss sie nun auf jenem Landstrich geistern und erscheint dabei oft den Leuten. Man kennt auch einen Brunnen, er geh\u00f6rt zum &#8222;Spotenhof&#8220;, an dm sie sich zu waschen pflegt. Dort hat man h\u00e4ufig Haare von ihr gefunden.<\/span><\/p>\t\t\t\t\t\t\t\t<\/div>\n\t\t\t\t<\/div>\n\t\t\t\t\t<\/div>\n\t\t<\/div>\n\t\t\t\t<div class=\"elementor-column elementor-col-50 elementor-top-column elementor-element elementor-element-2614764\" data-id=\"2614764\" data-element_type=\"column\" data-e-type=\"column\">\n\t\t\t<div class=\"elementor-widget-wrap elementor-element-populated\">\n\t\t\t\t\t\t<div class=\"elementor-element elementor-element-1211889 elementor-widget elementor-widget-image\" data-id=\"1211889\" data-element_type=\"widget\" data-e-type=\"widget\" data-widget_type=\"image.default\">\n\t\t\t\t<div class=\"elementor-widget-container\">\n\t\t\t\t\t\t\t\t\t\t\t\t<figure class=\"wp-caption\">\n\t\t\t\t\t\t\t\t\t\t<img decoding=\"async\" width=\"720\" height=\"1024\" src=\"https:\/\/bachdatscher.de\/wp-content\/uploads\/2022\/06\/1.10-1-720x1024.jpg\" class=\"attachment-large size-large wp-image-479\" alt=\"\" srcset=\"https:\/\/bachdatscher.de\/wp-content\/uploads\/2022\/06\/1.10-1-720x1024.jpg 720w, https:\/\/bachdatscher.de\/wp-content\/uploads\/2022\/06\/1.10-1-211x300.jpg 211w, https:\/\/bachdatscher.de\/wp-content\/uploads\/2022\/06\/1.10-1-768x1093.jpg 768w, https:\/\/bachdatscher.de\/wp-content\/uploads\/2022\/06\/1.10-1-562x800.jpg 562w, https:\/\/bachdatscher.de\/wp-content\/uploads\/2022\/06\/1.10-1-456x649.jpg 456w, https:\/\/bachdatscher.de\/wp-content\/uploads\/2022\/06\/1.10-1.jpg 1069w\" sizes=\"(max-width: 720px) 100vw, 720px\" \/>\t\t\t\t\t\t\t\t\t\t\t<figcaption class=\"widget-image-caption wp-caption-text\">Urspr\u00fcngliches Eckgutswieble<\/figcaption>\n\t\t\t\t\t\t\t\t\t\t<\/figure>\n\t\t\t\t\t\t\t\t\t<\/div>\n\t\t\t\t<\/div>\n\t\t\t\t\t<\/div>\n\t\t<\/div>\n\t\t\t\t\t<\/div>\n\t\t<\/section>\n\t\t\t\t<section class=\"elementor-section elementor-top-section elementor-element elementor-element-5072bfb elementor-hidden-tablet elementor-hidden-mobile elementor-section-boxed elementor-section-height-default elementor-section-height-default\" data-id=\"5072bfb\" data-element_type=\"section\" data-e-type=\"section\">\n\t\t\t\t\t\t<div class=\"elementor-container elementor-column-gap-wider\">\n\t\t\t\t\t<div class=\"elementor-column elementor-col-100 elementor-top-column elementor-element elementor-element-1a07a88\" data-id=\"1a07a88\" data-element_type=\"column\" data-e-type=\"column\">\n\t\t\t<div class=\"elementor-widget-wrap elementor-element-populated\">\n\t\t\t\t\t\t<div class=\"elementor-element elementor-element-cc26df0 elementor-widget elementor-widget-spacer\" data-id=\"cc26df0\" data-element_type=\"widget\" data-e-type=\"widget\" data-widget_type=\"spacer.default\">\n\t\t\t\t<div class=\"elementor-widget-container\">\n\t\t\t\t\t\t\t<div class=\"elementor-spacer\">\n\t\t\t<div class=\"elementor-spacer-inner\"><\/div>\n\t\t<\/div>\n\t\t\t\t\t\t<\/div>\n\t\t\t\t<\/div>\n\t\t\t\t\t<\/div>\n\t\t<\/div>\n\t\t\t\t\t<\/div>\n\t\t<\/section>\n\t\t\t\t<section class=\"elementor-section elementor-top-section elementor-element elementor-element-3397280 elementor-section-boxed elementor-section-height-default elementor-section-height-default\" data-id=\"3397280\" data-element_type=\"section\" data-e-type=\"section\">\n\t\t\t\t\t\t<div class=\"elementor-container elementor-column-gap-wider\">\n\t\t\t\t\t<div class=\"elementor-column elementor-col-50 elementor-top-column elementor-element elementor-element-987fc6c\" data-id=\"987fc6c\" data-element_type=\"column\" data-e-type=\"column\">\n\t\t\t<div class=\"elementor-widget-wrap elementor-element-populated\">\n\t\t\t\t\t\t<div class=\"elementor-element elementor-element-115ffd7 elementor-hidden-mobile elementor-widget elementor-widget-image\" data-id=\"115ffd7\" data-element_type=\"widget\" data-e-type=\"widget\" data-widget_type=\"image.default\">\n\t\t\t\t<div class=\"elementor-widget-container\">\n\t\t\t\t\t\t\t\t\t\t\t\t\t\t\t<img decoding=\"async\" width=\"1024\" height=\"808\" src=\"https:\/\/bachdatscher.de\/wp-content\/uploads\/2022\/06\/1.11-1024x808.jpg\" class=\"attachment-large size-large wp-image-490\" alt=\"\" srcset=\"https:\/\/bachdatscher.de\/wp-content\/uploads\/2022\/06\/1.11-1024x808.jpg 1024w, https:\/\/bachdatscher.de\/wp-content\/uploads\/2022\/06\/1.11-300x237.jpg 300w, https:\/\/bachdatscher.de\/wp-content\/uploads\/2022\/06\/1.11-768x606.jpg 768w, https:\/\/bachdatscher.de\/wp-content\/uploads\/2022\/06\/1.11-600x474.jpg 600w, https:\/\/bachdatscher.de\/wp-content\/uploads\/2022\/06\/1.11-822x649.jpg 822w, https:\/\/bachdatscher.de\/wp-content\/uploads\/2022\/06\/1.11.jpg 1068w\" sizes=\"(max-width: 1024px) 100vw, 1024px\" \/>\t\t\t\t\t\t\t\t\t\t\t\t\t\t\t<\/div>\n\t\t\t\t<\/div>\n\t\t\t\t\t<\/div>\n\t\t<\/div>\n\t\t\t\t<div class=\"elementor-column elementor-col-50 elementor-top-column elementor-element elementor-element-ff7916e\" data-id=\"ff7916e\" data-element_type=\"column\" data-e-type=\"column\">\n\t\t\t<div class=\"elementor-widget-wrap elementor-element-populated\">\n\t\t\t\t\t\t<div class=\"elementor-element elementor-element-a4f13c9 elementor-widget elementor-widget-heading\" data-id=\"a4f13c9\" data-element_type=\"widget\" data-e-type=\"widget\" data-widget_type=\"heading.default\">\n\t\t\t\t<div class=\"elementor-widget-container\">\n\t\t\t\t\t<h1 class=\"elementor-heading-title elementor-size-default\">Eckgutswiebleh\u00e4s<\/h1>\t\t\t\t<\/div>\n\t\t\t\t<\/div>\n\t\t\t\t<div class=\"elementor-element elementor-element-2d418ce elementor-widget elementor-widget-heading\" data-id=\"2d418ce\" data-element_type=\"widget\" data-e-type=\"widget\" data-widget_type=\"heading.default\">\n\t\t\t\t<div class=\"elementor-widget-container\">\n\t\t\t\t\t<p class=\"elementor-heading-title elementor-size-default\"><span style=\", sans-serif;font-size: 11.2px;font-style: normal;font-weight: 700\">ENTWICKLUNG DES H\u00c4S<\/span><\/p>\t\t\t\t<\/div>\n\t\t\t\t<\/div>\n\t\t\t\t<div class=\"elementor-element elementor-element-dc87c4a elementor-widget elementor-widget-text-editor\" data-id=\"dc87c4a\" data-element_type=\"widget\" data-e-type=\"widget\" data-widget_type=\"text-editor.default\">\n\t\t\t\t<div class=\"elementor-widget-container\">\n\t\t\t\t\t\t\t\t\t<p>Das H\u00e4s des Eckgutswieble wurde bis zu seiner heutigen Ausf\u00fchrung etliche Male ge\u00e4ndert. Anf\u00e4nglich hatte es den Sch\u00f6pfl\u00f6ffel auf dem Kopf, einen riesigen Kamm, einen braunen Umhang und Holzschuhe. Sp\u00e4ter erhilt das Eckgutswieble einen gro\u00dfen Strohhut, der Kamm wurde durch den Sch\u00f6pfl\u00f6ffel ersetzt und die Farben des H\u00e4ses dem des Bachdatschers angeglichen. Zum H\u00e4s geh\u00f6ren sowohl Strohschuhe als auch Holzschuhe.<\/p>\t\t\t\t\t\t\t\t<\/div>\n\t\t\t\t<\/div>\n\t\t\t\t\t<\/div>\n\t\t<\/div>\n\t\t\t\t\t<\/div>\n\t\t<\/section>\n\t\t\t\t<section class=\"elementor-section elementor-top-section elementor-element elementor-element-d318b5f elementor-hidden-desktop elementor-hidden-tablet elementor-section-boxed elementor-section-height-default elementor-section-height-default\" data-id=\"d318b5f\" data-element_type=\"section\" data-e-type=\"section\">\n\t\t\t\t\t\t<div class=\"elementor-container elementor-column-gap-default\">\n\t\t\t\t\t<div class=\"elementor-column elementor-col-100 elementor-top-column elementor-element elementor-element-c9f0d8b\" data-id=\"c9f0d8b\" data-element_type=\"column\" data-e-type=\"column\">\n\t\t\t<div class=\"elementor-widget-wrap elementor-element-populated\">\n\t\t\t\t\t\t<div class=\"elementor-element elementor-element-3922844 elementor-widget elementor-widget-image\" data-id=\"3922844\" data-element_type=\"widget\" data-e-type=\"widget\" data-widget_type=\"image.default\">\n\t\t\t\t<div class=\"elementor-widget-container\">\n\t\t\t\t\t\t\t\t\t\t\t\t\t\t\t<img decoding=\"async\" width=\"1024\" height=\"808\" src=\"https:\/\/bachdatscher.de\/wp-content\/uploads\/2022\/06\/1.11-1024x808.jpg\" class=\"attachment-large size-large wp-image-490\" alt=\"\" srcset=\"https:\/\/bachdatscher.de\/wp-content\/uploads\/2022\/06\/1.11-1024x808.jpg 1024w, https:\/\/bachdatscher.de\/wp-content\/uploads\/2022\/06\/1.11-300x237.jpg 300w, https:\/\/bachdatscher.de\/wp-content\/uploads\/2022\/06\/1.11-768x606.jpg 768w, https:\/\/bachdatscher.de\/wp-content\/uploads\/2022\/06\/1.11-600x474.jpg 600w, https:\/\/bachdatscher.de\/wp-content\/uploads\/2022\/06\/1.11-822x649.jpg 822w, https:\/\/bachdatscher.de\/wp-content\/uploads\/2022\/06\/1.11.jpg 1068w\" sizes=\"(max-width: 1024px) 100vw, 1024px\" \/>\t\t\t\t\t\t\t\t\t\t\t\t\t\t\t<\/div>\n\t\t\t\t<\/div>\n\t\t\t\t\t<\/div>\n\t\t<\/div>\n\t\t\t\t\t<\/div>\n\t\t<\/section>\n\t\t\t\t<section class=\"elementor-section elementor-top-section elementor-element elementor-element-367fd78 elementor-section-boxed elementor-section-height-default elementor-section-height-default\" data-id=\"367fd78\" data-element_type=\"section\" data-e-type=\"section\">\n\t\t\t\t\t\t<div class=\"elementor-container elementor-column-gap-default\">\n\t\t\t\t\t<div class=\"elementor-column elementor-col-100 elementor-top-column elementor-element elementor-element-a09e5e9\" data-id=\"a09e5e9\" data-element_type=\"column\" data-e-type=\"column\">\n\t\t\t<div class=\"elementor-widget-wrap elementor-element-populated\">\n\t\t\t\t\t\t<div class=\"elementor-element elementor-element-ce7a7ca elementor-widget elementor-widget-spacer\" data-id=\"ce7a7ca\" data-element_type=\"widget\" data-e-type=\"widget\" data-widget_type=\"spacer.default\">\n\t\t\t\t<div class=\"elementor-widget-container\">\n\t\t\t\t\t\t\t<div class=\"elementor-spacer\">\n\t\t\t<div class=\"elementor-spacer-inner\"><\/div>\n\t\t<\/div>\n\t\t\t\t\t\t<\/div>\n\t\t\t\t<\/div>\n\t\t\t\t\t<\/div>\n\t\t<\/div>\n\t\t\t\t\t<\/div>\n\t\t<\/section>\n\t\t\t\t<\/div>\n\t\t","protected":false},"excerpt":{"rendered":"<p>Das Eckgutswieble Eckgutswieble Die Zweite Figur der zunft Auch das Eckgutswieble entstammt einer alten Sage und nachfolgend sei Ihre Geschichte, wie sie in der Chronik von Welschensteinach niedergeschrieben ist, erz\u00e4hlt.\u00a0 Auf der Grenze zwischen Welschensteinach und Schuttertal, auf der sogenannten &#8222;Eck&#8220;, erblickte man hin und wieder ein altes, runzeliges Weiblein. Dies war eine B\u00e4uering aus [&hellip;]<\/p>\n","protected":false},"author":1,"featured_media":0,"parent":0,"menu_order":0,"comment_status":"closed","ping_status":"closed","template":"","meta":{"footnotes":""},"class_list":["post-312","page","type-page","status-publish","hentry","entry"],"aioseo_notices":[],"_links":{"self":[{"href":"https:\/\/bachdatscher.de\/index.php?rest_route=\/wp\/v2\/pages\/312","targetHints":{"allow":["GET"]}}],"collection":[{"href":"https:\/\/bachdatscher.de\/index.php?rest_route=\/wp\/v2\/pages"}],"about":[{"href":"https:\/\/bachdatscher.de\/index.php?rest_route=\/wp\/v2\/types\/page"}],"author":[{"embeddable":true,"href":"https:\/\/bachdatscher.de\/index.php?rest_route=\/wp\/v2\/users\/1"}],"replies":[{"embeddable":true,"href":"https:\/\/bachdatscher.de\/index.php?rest_route=%2Fwp%2Fv2%2Fcomments&post=312"}],"version-history":[{"count":0,"href":"https:\/\/bachdatscher.de\/index.php?rest_route=\/wp\/v2\/pages\/312\/revisions"}],"wp:attachment":[{"href":"https:\/\/bachdatscher.de\/index.php?rest_route=%2Fwp%2Fv2%2Fmedia&parent=312"}],"curies":[{"name":"wp","href":"https:\/\/api.w.org\/{rel}","templated":true}]}}