{"id":310,"date":"2022-06-30T09:10:47","date_gmt":"2022-06-30T09:10:47","guid":{"rendered":"https:\/\/bachdatscher.de\/?page_id=310"},"modified":"2022-10-29T23:36:45","modified_gmt":"2022-10-29T23:36:45","slug":"bachdatscher","status":"publish","type":"page","link":"https:\/\/bachdatscher.de\/?page_id=310","title":{"rendered":"Bachdatscher"},"content":{"rendered":"\t\t<div data-elementor-type=\"wp-page\" data-elementor-id=\"310\" class=\"elementor elementor-310\">\n\t\t\t\t\t\t<section class=\"elementor-section elementor-top-section elementor-element elementor-element-5351267 elementor-section-height-min-height elementor-hidden-mobile elementor-section-boxed elementor-section-height-default elementor-section-items-middle\" data-id=\"5351267\" data-element_type=\"section\" data-e-type=\"section\">\n\t\t\t\t\t\t\t<div class=\"elementor-background-overlay\"><\/div>\n\t\t\t\t\t\t\t<div class=\"elementor-container elementor-column-gap-default\">\n\t\t\t\t\t<div class=\"elementor-column elementor-col-100 elementor-top-column elementor-element elementor-element-ed678db\" data-id=\"ed678db\" data-element_type=\"column\" data-e-type=\"column\">\n\t\t\t<div class=\"elementor-widget-wrap elementor-element-populated\">\n\t\t\t\t\t\t<div class=\"elementor-element elementor-element-773ffe6 elementor-widget elementor-widget-heading\" data-id=\"773ffe6\" data-element_type=\"widget\" data-e-type=\"widget\" data-widget_type=\"heading.default\">\n\t\t\t\t<div class=\"elementor-widget-container\">\n\t\t\t\t\t<h2 class=\"elementor-heading-title elementor-size-default\">Der Bachdatscher<\/h2>\t\t\t\t<\/div>\n\t\t\t\t<\/div>\n\t\t\t\t\t<\/div>\n\t\t<\/div>\n\t\t\t\t\t<\/div>\n\t\t<\/section>\n\t\t\t\t<section class=\"elementor-section elementor-top-section elementor-element elementor-element-d0acd39 elementor-section-full_width elementor-hidden-desktop elementor-hidden-tablet elementor-section-height-default elementor-section-height-default\" data-id=\"d0acd39\" data-element_type=\"section\" data-e-type=\"section\">\n\t\t\t\t\t\t<div class=\"elementor-container elementor-column-gap-no\">\n\t\t\t\t\t<div class=\"elementor-column elementor-col-100 elementor-top-column elementor-element elementor-element-a72837a\" data-id=\"a72837a\" data-element_type=\"column\" data-e-type=\"column\">\n\t\t\t<div class=\"elementor-widget-wrap elementor-element-populated\">\n\t\t\t\t\t\t<div class=\"elementor-element elementor-element-64e8104 elementor-widget elementor-widget-image\" data-id=\"64e8104\" data-element_type=\"widget\" data-e-type=\"widget\" data-widget_type=\"image.default\">\n\t\t\t\t<div class=\"elementor-widget-container\">\n\t\t\t\t\t\t\t\t\t\t\t\t\t\t\t<img fetchpriority=\"high\" decoding=\"async\" width=\"606\" height=\"147\" src=\"https:\/\/bachdatscher.de\/wp-content\/uploads\/2022\/06\/small.png\" class=\"attachment-large size-large wp-image-440\" alt=\"\" srcset=\"https:\/\/bachdatscher.de\/wp-content\/uploads\/2022\/06\/small.png 606w, https:\/\/bachdatscher.de\/wp-content\/uploads\/2022\/06\/small-300x73.png 300w, https:\/\/bachdatscher.de\/wp-content\/uploads\/2022\/06\/small-600x146.png 600w\" sizes=\"(max-width: 606px) 100vw, 606px\" \/>\t\t\t\t\t\t\t\t\t\t\t\t\t\t\t<\/div>\n\t\t\t\t<\/div>\n\t\t\t\t\t<\/div>\n\t\t<\/div>\n\t\t\t\t\t<\/div>\n\t\t<\/section>\n\t\t\t\t<section class=\"elementor-section elementor-top-section elementor-element elementor-element-9781426 elementor-section-boxed elementor-section-height-default elementor-section-height-default\" data-id=\"9781426\" data-element_type=\"section\" data-e-type=\"section\">\n\t\t\t\t\t\t<div class=\"elementor-container elementor-column-gap-wider\">\n\t\t\t\t\t<div class=\"elementor-column elementor-col-50 elementor-top-column elementor-element elementor-element-f977901\" data-id=\"f977901\" data-element_type=\"column\" data-e-type=\"column\">\n\t\t\t<div class=\"elementor-widget-wrap elementor-element-populated\">\n\t\t\t\t\t\t<div class=\"elementor-element elementor-element-4389024 elementor-widget elementor-widget-heading\" data-id=\"4389024\" data-element_type=\"widget\" data-e-type=\"widget\" data-widget_type=\"heading.default\">\n\t\t\t\t<div class=\"elementor-widget-container\">\n\t\t\t\t\t<h1 class=\"elementor-heading-title elementor-size-default\">Bachdatscher<\/h1>\t\t\t\t<\/div>\n\t\t\t\t<\/div>\n\t\t\t\t<div class=\"elementor-element elementor-element-2ad5ce0 elementor-widget elementor-widget-heading\" data-id=\"2ad5ce0\" data-element_type=\"widget\" data-e-type=\"widget\" data-widget_type=\"heading.default\">\n\t\t\t\t<div class=\"elementor-widget-container\">\n\t\t\t\t\t<p class=\"elementor-heading-title elementor-size-default\">Der Bachdatscher<\/p>\t\t\t\t<\/div>\n\t\t\t\t<\/div>\n\t\t\t\t<div class=\"elementor-element elementor-element-4f7605c elementor-widget elementor-widget-text-editor\" data-id=\"4f7605c\" data-element_type=\"widget\" data-e-type=\"widget\" data-widget_type=\"text-editor.default\">\n\t\t\t\t<div class=\"elementor-widget-container\">\n\t\t\t\t\t\t\t\t\t<p>Nachstehend die Geschichte, wie sie in der Chronik von Welschensteinach niedergeschrieben ist:<\/p><p>Unten im Tale nach Steinach wird der n\u00e4chtliche Sp\u00e4theimkehrer, namentlich in der Zeit der Geisterstunde, vom sogenannten Bachdatscher \u00fcberfallen. Dieser, ein Unhold, geht eine weite Strecke des Baches, welcher der Stra\u00dfe entlang flie\u00dft, mit dem Sp\u00e4theimkehrer dahin. Auf einmal aber, bei des Mattenbauern Kreuz, springt der Bachdatscher seinem gefangenen auf die Brust und h\u00e4lt ihn bis zum Morgengel\u00e4ute der Betglocke fest.<\/p>\t\t\t\t\t\t\t\t<\/div>\n\t\t\t\t<\/div>\n\t\t\t\t\t<\/div>\n\t\t<\/div>\n\t\t\t\t<div class=\"elementor-column elementor-col-50 elementor-top-column elementor-element elementor-element-d6cdcb7\" data-id=\"d6cdcb7\" data-element_type=\"column\" data-e-type=\"column\">\n\t\t\t<div class=\"elementor-widget-wrap elementor-element-populated\">\n\t\t\t\t\t\t<div class=\"elementor-element elementor-element-86191f3 elementor-widget elementor-widget-image\" data-id=\"86191f3\" data-element_type=\"widget\" data-e-type=\"widget\" data-widget_type=\"image.default\">\n\t\t\t\t<div class=\"elementor-widget-container\">\n\t\t\t\t\t\t\t\t\t\t\t\t\t\t\t<img decoding=\"async\" width=\"419\" height=\"600\" src=\"https:\/\/bachdatscher.de\/wp-content\/uploads\/2022\/06\/bachdatschergrafik-1.jpg\" class=\"attachment-large size-large wp-image-433\" alt=\"\" srcset=\"https:\/\/bachdatscher.de\/wp-content\/uploads\/2022\/06\/bachdatschergrafik-1.jpg 419w, https:\/\/bachdatscher.de\/wp-content\/uploads\/2022\/06\/bachdatschergrafik-1-210x300.jpg 210w\" sizes=\"(max-width: 419px) 100vw, 419px\" \/>\t\t\t\t\t\t\t\t\t\t\t\t\t\t\t<\/div>\n\t\t\t\t<\/div>\n\t\t\t\t\t<\/div>\n\t\t<\/div>\n\t\t\t\t\t<\/div>\n\t\t<\/section>\n\t\t\t\t<section class=\"elementor-section elementor-top-section elementor-element elementor-element-b9e9454 elementor-hidden-mobile elementor-hidden-tablet elementor-section-boxed elementor-section-height-default elementor-section-height-default\" data-id=\"b9e9454\" data-element_type=\"section\" data-e-type=\"section\">\n\t\t\t\t\t\t<div class=\"elementor-container elementor-column-gap-default\">\n\t\t\t\t\t<div class=\"elementor-column elementor-col-100 elementor-top-column elementor-element elementor-element-598630e\" data-id=\"598630e\" data-element_type=\"column\" data-e-type=\"column\">\n\t\t\t<div class=\"elementor-widget-wrap elementor-element-populated\">\n\t\t\t\t\t\t<div class=\"elementor-element elementor-element-8f5010d elementor-widget elementor-widget-spacer\" data-id=\"8f5010d\" data-element_type=\"widget\" data-e-type=\"widget\" data-widget_type=\"spacer.default\">\n\t\t\t\t<div class=\"elementor-widget-container\">\n\t\t\t\t\t\t\t<div class=\"elementor-spacer\">\n\t\t\t<div class=\"elementor-spacer-inner\"><\/div>\n\t\t<\/div>\n\t\t\t\t\t\t<\/div>\n\t\t\t\t<\/div>\n\t\t\t\t\t<\/div>\n\t\t<\/div>\n\t\t\t\t\t<\/div>\n\t\t<\/section>\n\t\t\t\t<section class=\"elementor-section elementor-top-section elementor-element elementor-element-9187e30 elementor-section-boxed elementor-section-height-default elementor-section-height-default\" data-id=\"9187e30\" data-element_type=\"section\" data-e-type=\"section\">\n\t\t\t\t\t\t<div class=\"elementor-container elementor-column-gap-wider\">\n\t\t\t\t\t<div class=\"elementor-column elementor-col-50 elementor-top-column elementor-element elementor-element-e7d60a1\" data-id=\"e7d60a1\" data-element_type=\"column\" data-e-type=\"column\">\n\t\t\t<div class=\"elementor-widget-wrap elementor-element-populated\">\n\t\t\t\t\t\t<div class=\"elementor-element elementor-element-94fe686 elementor-hidden-mobile elementor-widget elementor-widget-image\" data-id=\"94fe686\" data-element_type=\"widget\" data-e-type=\"widget\" data-widget_type=\"image.default\">\n\t\t\t\t<div class=\"elementor-widget-container\">\n\t\t\t\t\t\t\t\t\t\t\t\t\t\t\t<img decoding=\"async\" width=\"734\" height=\"1024\" src=\"https:\/\/bachdatscher.de\/wp-content\/uploads\/2022\/06\/1.00-1-734x1024.jpg\" class=\"attachment-large size-large wp-image-498\" alt=\"\" srcset=\"https:\/\/bachdatscher.de\/wp-content\/uploads\/2022\/06\/1.00-1-734x1024.jpg 734w, https:\/\/bachdatscher.de\/wp-content\/uploads\/2022\/06\/1.00-1-215x300.jpg 215w, https:\/\/bachdatscher.de\/wp-content\/uploads\/2022\/06\/1.00-1-768x1071.jpg 768w, https:\/\/bachdatscher.de\/wp-content\/uploads\/2022\/06\/1.00-1-574x800.jpg 574w, https:\/\/bachdatscher.de\/wp-content\/uploads\/2022\/06\/1.00-1-465x649.jpg 465w, https:\/\/bachdatscher.de\/wp-content\/uploads\/2022\/06\/1.00-1.jpg 1065w\" sizes=\"(max-width: 734px) 100vw, 734px\" \/>\t\t\t\t\t\t\t\t\t\t\t\t\t\t\t<\/div>\n\t\t\t\t<\/div>\n\t\t\t\t\t<\/div>\n\t\t<\/div>\n\t\t\t\t<div class=\"elementor-column elementor-col-50 elementor-top-column elementor-element elementor-element-ef6f12b\" data-id=\"ef6f12b\" data-element_type=\"column\" data-e-type=\"column\">\n\t\t\t<div class=\"elementor-widget-wrap elementor-element-populated\">\n\t\t\t\t\t\t<div class=\"elementor-element elementor-element-2be628b elementor-widget elementor-widget-heading\" data-id=\"2be628b\" data-element_type=\"widget\" data-e-type=\"widget\" data-widget_type=\"heading.default\">\n\t\t\t\t<div class=\"elementor-widget-container\">\n\t\t\t\t\t<h1 class=\"elementor-heading-title elementor-size-default\">Bachdatscherh\u00e4s<\/h1>\t\t\t\t<\/div>\n\t\t\t\t<\/div>\n\t\t\t\t<div class=\"elementor-element elementor-element-f8945a6 elementor-widget elementor-widget-heading\" data-id=\"f8945a6\" data-element_type=\"widget\" data-e-type=\"widget\" data-widget_type=\"heading.default\">\n\t\t\t\t<div class=\"elementor-widget-container\">\n\t\t\t\t\t<p class=\"elementor-heading-title elementor-size-default\">Entwicklung des H\u00e4s<\/p>\t\t\t\t<\/div>\n\t\t\t\t<\/div>\n\t\t\t\t<div class=\"elementor-element elementor-element-4f05a13 elementor-widget elementor-widget-text-editor\" data-id=\"4f05a13\" data-element_type=\"widget\" data-e-type=\"widget\" data-widget_type=\"text-editor.default\">\n\t\t\t\t<div class=\"elementor-widget-container\">\n\t\t\t\t\t\t\t\t\t<p>Im Oktober 1978 wurde der erste Entwurf des Bachdatscherh\u00e4ses im Wilden Mann der \u00d6ffentlichkeit vorgestellt. Unter der Mithilfe des Holzschnitzers Schultis und des Trachtenschneidermeisters Fischer erhielt die Fasentfigur im Verlauf des Abends seine endg\u00fcltige Formgebung.<\/p><p>Das erste Bachdatscherh\u00e4s bestand noch aus Stab und Pflugschar, der das Welschensteinacher Ortswappen darstellt. Sp\u00e4ter wurde der Stab mit der Pflugschar durch den Datscher ersetzt<\/p>\t\t\t\t\t\t\t\t<\/div>\n\t\t\t\t<\/div>\n\t\t\t\t<div class=\"elementor-element elementor-element-6295dd9 elementor-hidden-desktop elementor-hidden-tablet elementor-widget elementor-widget-image\" data-id=\"6295dd9\" data-element_type=\"widget\" data-e-type=\"widget\" data-widget_type=\"image.default\">\n\t\t\t\t<div class=\"elementor-widget-container\">\n\t\t\t\t\t\t\t\t\t\t\t\t\t\t\t<img decoding=\"async\" width=\"734\" height=\"1024\" src=\"https:\/\/bachdatscher.de\/wp-content\/uploads\/2022\/06\/1.00-1-734x1024.jpg\" class=\"attachment-large size-large wp-image-498\" alt=\"\" srcset=\"https:\/\/bachdatscher.de\/wp-content\/uploads\/2022\/06\/1.00-1-734x1024.jpg 734w, https:\/\/bachdatscher.de\/wp-content\/uploads\/2022\/06\/1.00-1-215x300.jpg 215w, https:\/\/bachdatscher.de\/wp-content\/uploads\/2022\/06\/1.00-1-768x1071.jpg 768w, https:\/\/bachdatscher.de\/wp-content\/uploads\/2022\/06\/1.00-1-574x800.jpg 574w, https:\/\/bachdatscher.de\/wp-content\/uploads\/2022\/06\/1.00-1-465x649.jpg 465w, https:\/\/bachdatscher.de\/wp-content\/uploads\/2022\/06\/1.00-1.jpg 1065w\" sizes=\"(max-width: 734px) 100vw, 734px\" \/>\t\t\t\t\t\t\t\t\t\t\t\t\t\t\t<\/div>\n\t\t\t\t<\/div>\n\t\t\t\t\t<\/div>\n\t\t<\/div>\n\t\t\t\t\t<\/div>\n\t\t<\/section>\n\t\t\t\t<section class=\"elementor-section elementor-top-section elementor-element elementor-element-6ab0634 elementor-section-boxed elementor-section-height-default elementor-section-height-default\" data-id=\"6ab0634\" data-element_type=\"section\" data-e-type=\"section\">\n\t\t\t\t\t\t<div class=\"elementor-container elementor-column-gap-default\">\n\t\t\t\t\t<div class=\"elementor-column elementor-col-100 elementor-top-column elementor-element elementor-element-d075b9e\" data-id=\"d075b9e\" data-element_type=\"column\" data-e-type=\"column\">\n\t\t\t<div class=\"elementor-widget-wrap elementor-element-populated\">\n\t\t\t\t\t\t<div class=\"elementor-element elementor-element-5c8ab21 elementor-widget elementor-widget-spacer\" data-id=\"5c8ab21\" data-element_type=\"widget\" data-e-type=\"widget\" data-widget_type=\"spacer.default\">\n\t\t\t\t<div class=\"elementor-widget-container\">\n\t\t\t\t\t\t\t<div class=\"elementor-spacer\">\n\t\t\t<div class=\"elementor-spacer-inner\"><\/div>\n\t\t<\/div>\n\t\t\t\t\t\t<\/div>\n\t\t\t\t<\/div>\n\t\t\t\t\t<\/div>\n\t\t<\/div>\n\t\t\t\t\t<\/div>\n\t\t<\/section>\n\t\t\t\t<\/div>\n\t\t","protected":false},"excerpt":{"rendered":"<p>Der Bachdatscher Bachdatscher Der Bachdatscher Nachstehend die Geschichte, wie sie in der Chronik von Welschensteinach niedergeschrieben ist: Unten im Tale nach Steinach wird der n\u00e4chtliche Sp\u00e4theimkehrer, namentlich in der Zeit der Geisterstunde, vom sogenannten Bachdatscher \u00fcberfallen. Dieser, ein Unhold, geht eine weite Strecke des Baches, welcher der Stra\u00dfe entlang flie\u00dft, mit dem Sp\u00e4theimkehrer dahin. Auf [&hellip;]<\/p>\n","protected":false},"author":1,"featured_media":0,"parent":0,"menu_order":0,"comment_status":"closed","ping_status":"closed","template":"","meta":{"footnotes":""},"class_list":["post-310","page","type-page","status-publish","hentry","entry"],"aioseo_notices":[],"_links":{"self":[{"href":"https:\/\/bachdatscher.de\/index.php?rest_route=\/wp\/v2\/pages\/310","targetHints":{"allow":["GET"]}}],"collection":[{"href":"https:\/\/bachdatscher.de\/index.php?rest_route=\/wp\/v2\/pages"}],"about":[{"href":"https:\/\/bachdatscher.de\/index.php?rest_route=\/wp\/v2\/types\/page"}],"author":[{"embeddable":true,"href":"https:\/\/bachdatscher.de\/index.php?rest_route=\/wp\/v2\/users\/1"}],"replies":[{"embeddable":true,"href":"https:\/\/bachdatscher.de\/index.php?rest_route=%2Fwp%2Fv2%2Fcomments&post=310"}],"version-history":[{"count":0,"href":"https:\/\/bachdatscher.de\/index.php?rest_route=\/wp\/v2\/pages\/310\/revisions"}],"wp:attachment":[{"href":"https:\/\/bachdatscher.de\/index.php?rest_route=%2Fwp%2Fv2%2Fmedia&parent=310"}],"curies":[{"name":"wp","href":"https:\/\/api.w.org\/{rel}","templated":true}]}}